{"id":9698,"date":"2021-10-12T15:51:09","date_gmt":"2021-10-12T15:51:09","guid":{"rendered":"https:\/\/lacbiz.us\/sobre-nos\/"},"modified":"2023-03-27T02:45:01","modified_gmt":"2023-03-27T02:45:01","slug":"sobre-nos","status":"publish","type":"page","link":"http:\/\/lacbiz.us\/pt-br\/sobre-nos\/","title":{"rendered":"Sobre n\u00f3s"},"content":{"rendered":"\t\t<div data-elementor-type=\"wp-page\" data-elementor-id=\"9698\" class=\"elementor elementor-9698 elementor-4400\" data-elementor-post-type=\"page\">\n\t\t\t\t\t\t\t\t\t<section class=\"wd-negative-gap elementor-section elementor-top-section elementor-element elementor-element-30f4b337 elementor-section-content-middle wd-section-stretch elementor-section-boxed elementor-section-height-default elementor-section-height-default\" data-id=\"30f4b337\" data-element_type=\"section\" data-settings=\"{&quot;background_background&quot;:&quot;classic&quot;}\">\n\t\t\t\t\t\t<div class=\"elementor-container elementor-column-gap-extended\">\n\t\t\t\t\t<div class=\"elementor-column elementor-col-100 elementor-top-column elementor-element elementor-element-709130a2\" data-id=\"709130a2\" data-element_type=\"column\">\n\t\t\t<div class=\"elementor-widget-wrap elementor-element-populated\">\n\t\t\t\t\t\t\t\t<div class=\"elementor-element elementor-element-de6816b elementor-widget elementor-widget-wd_title\" data-id=\"de6816b\" data-element_type=\"widget\" data-widget_type=\"wd_title.default\">\n\t\t\t\t<div class=\"elementor-widget-container\">\n\t\t\t\t\t<div class=\"title-wrapper set-mb-s reset-last-child wd-title-color-primary wd-title-style-default wd-title-size-large text-center\">\n\n\t\t\t\t\t\t\t<div class=\"title-subtitle subtitle-color-primary subtitle-style-default wd-fontsize-xs\">\n\t\t\t\t\tENCONTRE-NOS\t\t\t\t<\/div>\n\t\t\t\n\t\t\t<div class=\"liner-continer\">\n\t\t\t\t<h4 class=\"woodmart-title-container title wd-fontsize-xxl\">N\u00f3s somos LACBIZ<\/h4> \n\t\t\t\t\t\t\t<\/div>\n\n\t\t\t\t\t\t\t<div class=\"title-after_title set-cont-mb-s reset-last-child wd-fontsize-s\">\n\t\t\t\t\t<p>Business Advisors<\/p>\t\t\t\t<\/div>\n\t\t\t\t\t<\/div>\n\t\t\t\t<\/div>\n\t\t\t\t<\/div>\n\t\t\t\t\t<\/div>\n\t\t<\/div>\n\t\t\t\t\t\t\t<\/div>\n\t\t<\/section>\n\t\t\t\t<section class=\"wd-negative-gap elementor-section elementor-top-section elementor-element elementor-element-3c548bca elementor-reverse-tablet elementor-reverse-mobile elementor-section-boxed elementor-section-height-default elementor-section-height-default wd-section-disabled\" data-id=\"3c548bca\" data-element_type=\"section\">\n\t\t\t\t\t\t<div class=\"elementor-container elementor-column-gap-default\">\n\t\t\t\t\t<div class=\"elementor-column elementor-col-50 elementor-top-column elementor-element elementor-element-1d354ed7\" data-id=\"1d354ed7\" data-element_type=\"column\">\n\t\t\t<div class=\"elementor-widget-wrap elementor-element-populated\">\n\t\t\t\t\t\t\t\t<div class=\"elementor-element elementor-element-3b8f1c6 elementor-widget elementor-widget-wd_image_or_svg\" data-id=\"3b8f1c6\" data-element_type=\"widget\" data-widget_type=\"wd_image_or_svg.default\">\n\t\t\t\t<div class=\"elementor-widget-container\">\n\t\t\t\n\t\t<div class=\"wd-image text-center\">\n\t\t\t\t\t\t\t\t<img loading=\"lazy\" decoding=\"async\" width=\"1413\" height=\"942\" src=\"http:\/\/lacbiz.us\/wp-content\/uploads\/2023\/02\/Business-Advisors-.jpg\" class=\"attachment-full size-full wp-image-9263\" alt=\"\" srcset=\"http:\/\/lacbiz.us\/wp-content\/uploads\/2023\/02\/Business-Advisors-.jpg 1413w, http:\/\/lacbiz.us\/wp-content\/uploads\/2023\/02\/Business-Advisors--400x267.jpg 400w, http:\/\/lacbiz.us\/wp-content\/uploads\/2023\/02\/Business-Advisors--1200x800.jpg 1200w, http:\/\/lacbiz.us\/wp-content\/uploads\/2023\/02\/Business-Advisors--768x512.jpg 768w, http:\/\/lacbiz.us\/wp-content\/uploads\/2023\/02\/Business-Advisors--860x573.jpg 860w, http:\/\/lacbiz.us\/wp-content\/uploads\/2023\/02\/Business-Advisors--430x287.jpg 430w, http:\/\/lacbiz.us\/wp-content\/uploads\/2023\/02\/Business-Advisors--700x467.jpg 700w, http:\/\/lacbiz.us\/wp-content\/uploads\/2023\/02\/Business-Advisors--150x100.jpg 150w\" sizes=\"auto, (max-width: 1413px) 100vw, 1413px\" \/>\t\t\t\t\t<\/div>\n\n\t\t\t\t<\/div>\n\t\t\t\t<\/div>\n\t\t\t\t\t<\/div>\n\t\t<\/div>\n\t\t\t\t<div class=\"elementor-column elementor-col-50 elementor-top-column elementor-element elementor-element-7a9daa7\" data-id=\"7a9daa7\" data-element_type=\"column\">\n\t\t\t<div class=\"elementor-widget-wrap elementor-element-populated\">\n\t\t\t\t\t\t\t\t<div class=\"elementor-element elementor-element-18566191 elementor-widget elementor-widget-wd_title\" data-id=\"18566191\" data-element_type=\"widget\" data-widget_type=\"wd_title.default\">\n\t\t\t\t<div class=\"elementor-widget-container\">\n\t\t\t\t\t<div class=\"title-wrapper set-mb-s reset-last-child wd-title-color-primary wd-title-style-default wd-title-size-large text-left\">\n\n\t\t\t\n\t\t\t<div class=\"liner-continer\">\n\t\t\t\t<h4 class=\"woodmart-title-container title wd-fontsize-xxl\">Sobre n\u00f3s<\/h4> \n\t\t\t\t\t\t\t<\/div>\n\n\t\t\t\t\t<\/div>\n\t\t\t\t<\/div>\n\t\t\t\t<\/div>\n\t\t\t\t<div class=\"elementor-element elementor-element-cf34ae6 elementor-widget elementor-widget-wd_text_block\" data-id=\"cf34ae6\" data-element_type=\"widget\" data-widget_type=\"wd_text_block.default\">\n\t\t\t\t<div class=\"elementor-widget-container\">\n\t\t\t\t\t<div class=\"wd-text-block reset-last-child text-left\">\n\t\t\t\n\t\t\t<p style=\"text-align: justify;\">Na LACBIZ, nosso objetivo \u00e9 facilitar as atividades comerciais de empresas latino-americanas no mercado norte-americano. N\u00f3s nos especializamos em oferecer servi\u00e7os de representa\u00e7\u00e3o comercial, incluindo faturamento, cobran\u00e7a, gest\u00e3o junto a ag\u00eancias governamentais nos Estados Unidos, acompanhamento de empresas e intelig\u00eancia comercial.<\/p><p style=\"text-align: justify;\"> <\/p>\n\t\t\t\t\t<\/div>\n\t\t\t\t<\/div>\n\t\t\t\t<\/div>\n\t\t\t\t\t<\/div>\n\t\t<\/div>\n\t\t\t\t\t\t\t<\/div>\n\t\t<\/section>\n\t\t\t\t<section class=\"wd-negative-gap elementor-section elementor-top-section elementor-element elementor-element-0ea4475 elementor-reverse-tablet elementor-reverse-mobile elementor-section-boxed elementor-section-height-default elementor-section-height-default wd-section-disabled\" data-id=\"0ea4475\" data-element_type=\"section\">\n\t\t\t\t\t\t<div class=\"elementor-container elementor-column-gap-default\">\n\t\t\t\t\t<div class=\"elementor-column elementor-col-100 elementor-top-column elementor-element elementor-element-e6d26a0\" data-id=\"e6d26a0\" data-element_type=\"column\">\n\t\t\t<div class=\"elementor-widget-wrap elementor-element-populated\">\n\t\t\t\t\t\t\t\t<div class=\"elementor-element elementor-element-2f0adbc elementor-widget elementor-widget-wd_text_block\" data-id=\"2f0adbc\" data-element_type=\"widget\" data-widget_type=\"wd_text_block.default\">\n\t\t\t\t<div class=\"elementor-widget-container\">\n\t\t\t\t\t<div class=\"wd-text-block reset-last-child text-left\">\n\t\t\t\n\t\t\t<p style=\"text-align: justify;\">Como o maior mercado comercial do continente americano, com uma popula\u00e7\u00e3o de aproximadamente 332 milh\u00f5es de habitantes e uma renda per capita de US$ 69,2 mil, os Estados Unidos s\u00e3o um destino atraente para empresas latino-americanas. Como uma empresa sediada em Washington DC, oferecemos uma ponte entre os mercados da Am\u00e9rica Latina e dos Estados Unidos, permitindo que empresas e profissionais vendam seus produtos e servi\u00e7os no mercado americano sem precisar abrir escrit\u00f3rios ou contratar pessoal.<\/p><p style=\"text-align: justify;\">Al\u00e9m disso, a popula\u00e7\u00e3o americana que vive ou viaja para a Am\u00e9rica Latina cria uma grande demanda por servi\u00e7os, desde tr\u00e2mites migrat\u00f3rios at\u00e9 servi\u00e7os legais, aduaneiros e log\u00edsticos. A legisla\u00e7\u00e3o e regulamenta\u00e7\u00e3o financeira dos Estados Unidos fornecem seguran\u00e7a para os investidores e pessoas que fazem neg\u00f3cios em outros pa\u00edses. Em LACBIZ, nos esfor\u00e7amos para fornecer esse mesmo elemento de seguran\u00e7a aos clientes dos nossos clientes latino-americanos nos Estados Unidos.<\/p>\n\t\t\t\t\t<\/div>\n\t\t\t\t<\/div>\n\t\t\t\t<\/div>\n\t\t\t\t\t<\/div>\n\t\t<\/div>\n\t\t\t\t\t\t\t<\/div>\n\t\t<\/section>\n\t\t\t\t<section class=\"wd-negative-gap elementor-section elementor-top-section elementor-element elementor-element-52ee36d elementor-section-boxed elementor-section-height-default elementor-section-height-default wd-section-disabled\" data-id=\"52ee36d\" data-element_type=\"section\">\n\t\t\t\t\t\t<div class=\"elementor-container elementor-column-gap-default\">\n\t\t\t\t\t<div class=\"elementor-column elementor-col-100 elementor-top-column elementor-element elementor-element-6a9942c2\" data-id=\"6a9942c2\" data-element_type=\"column\">\n\t\t\t<div class=\"elementor-widget-wrap elementor-element-populated\">\n\t\t\t\t\t\t\t\t<div class=\"elementor-element elementor-element-75d7772b elementor-widget elementor-widget-wd_title\" data-id=\"75d7772b\" data-element_type=\"widget\" data-widget_type=\"wd_title.default\">\n\t\t\t\t<div class=\"elementor-widget-container\">\n\t\t\t\t\t<div class=\"title-wrapper set-mb-s reset-last-child wd-title-color-primary wd-title-style-default wd-title-size-large text-center\">\n\n\t\t\t\n\t\t\t<div class=\"liner-continer\">\n\t\t\t\t<h4 class=\"woodmart-title-container title wd-fontsize-xxl\">Nosso CEO<\/h4> \n\t\t\t\t\t\t\t<\/div>\n\n\t\t\t\t\t<\/div>\n\t\t\t\t<\/div>\n\t\t\t\t<\/div>\n\t\t\t\t\t<\/div>\n\t\t<\/div>\n\t\t\t\t\t\t\t<\/div>\n\t\t<\/section>\n\t\t\t\t<section class=\"wd-negative-gap elementor-section elementor-top-section elementor-element elementor-element-83b510d elementor-section-boxed elementor-section-height-default elementor-section-height-default wd-section-disabled\" data-id=\"83b510d\" data-element_type=\"section\">\n\t\t\t\t\t\t<div class=\"elementor-container elementor-column-gap-extended\">\n\t\t\t\t\t<div class=\"elementor-column elementor-col-33 elementor-top-column elementor-element elementor-element-533d0ceb\" data-id=\"533d0ceb\" data-element_type=\"column\">\n\t\t\t<div class=\"elementor-widget-wrap\">\n\t\t\t\t\t\t\t\t\t<\/div>\n\t\t<\/div>\n\t\t\t\t<div class=\"elementor-column elementor-col-33 elementor-top-column elementor-element elementor-element-7e1fc6fc\" data-id=\"7e1fc6fc\" data-element_type=\"column\">\n\t\t\t<div class=\"elementor-widget-wrap elementor-element-populated\">\n\t\t\t\t\t\t\t\t<div class=\"elementor-element elementor-element-cad158e elementor-widget elementor-widget-wd_team_member\" data-id=\"cad158e\" data-element_type=\"widget\" data-widget_type=\"wd_team_member.default\">\n\t\t\t\t<div class=\"elementor-widget-container\">\n\t\t\t\t\t<div class=\"team-member member-layout-default text-center\">\n\t\t\t\t\t\t\t<div class=\"member-image-wrapper\">\n\t\t\t\t\t<div class=\"member-image\">\n\t\t\t\t\t\t<img loading=\"lazy\" decoding=\"async\" width=\"1000\" height=\"1272\" src=\"http:\/\/lacbiz.us\/wp-content\/uploads\/2023\/02\/Roy-Thompson.jpg\" class=\"attachment-full size-full wp-image-8517\" alt=\"\" srcset=\"http:\/\/lacbiz.us\/wp-content\/uploads\/2023\/02\/Roy-Thompson.jpg 1000w, http:\/\/lacbiz.us\/wp-content\/uploads\/2023\/02\/Roy-Thompson-236x300.jpg 236w, http:\/\/lacbiz.us\/wp-content\/uploads\/2023\/02\/Roy-Thompson-629x800.jpg 629w, http:\/\/lacbiz.us\/wp-content\/uploads\/2023\/02\/Roy-Thompson-768x977.jpg 768w, http:\/\/lacbiz.us\/wp-content\/uploads\/2023\/02\/Roy-Thompson-860x1094.jpg 860w, http:\/\/lacbiz.us\/wp-content\/uploads\/2023\/02\/Roy-Thompson-430x547.jpg 430w, http:\/\/lacbiz.us\/wp-content\/uploads\/2023\/02\/Roy-Thompson-700x890.jpg 700w, http:\/\/lacbiz.us\/wp-content\/uploads\/2023\/02\/Roy-Thompson-150x191.jpg 150w\" sizes=\"auto, (max-width: 1000px) 100vw, 1000px\" \/>\t\t\t\t\t<\/div>\n\t\t\t\t<\/div>\n\t\t\t\n\t\t\t<div class=\"member-details set-mb-s reset-last-child\">\n\t\t\t\t\t\t\t\t\t<h4 class=\"member-name\">\n\t\t\t\t\t\tRoy Thompson\t\t\t\t\t<\/h4>\n\t\t\t\t\n\t\t\t\t\t\t\t\t\t<div class=\"member-position\">\n\t\t\t\t\t\tCEO \/ FOUNDER\t\t\t\t\t<\/div>\n\t\t\t\t\n\t\t\t\t\n\t\t\t\t\t\t\t<\/div>\n\t\t<\/div>\n\t\t\t\t<\/div>\n\t\t\t\t<\/div>\n\t\t\t\t<div class=\"elementor-element elementor-element-d833241 elementor-widget elementor-widget-wd_button\" data-id=\"d833241\" data-element_type=\"widget\" data-widget_type=\"wd_button.default\">\n\t\t\t\t<div class=\"elementor-widget-container\">\n\t\t\t\t\t<div class=\"wd-button-wrapper text-center\" >\n\t\t\t<a class=\"btn btn-style-default btn-style-round btn-size-default btn-color-primary btn-icon-pos-right\"  href=\"https:\/\/lacbiz.us\/roy-thompson\/\">\n\t\t\t\t<span class=\"wd-btn-text\" data-elementor-setting-key=\"text\">\n\t\t\t\t\tVer Curr\u00edculo\t\t\t\t<\/span>\n\n\t\t\t\t\t\t\t<\/a>\n\t\t<\/div>\n\t\t\t\t<\/div>\n\t\t\t\t<\/div>\n\t\t\t\t\t<\/div>\n\t\t<\/div>\n\t\t\t\t<div class=\"elementor-column elementor-col-33 elementor-top-column elementor-element elementor-element-74a0fa1\" data-id=\"74a0fa1\" data-element_type=\"column\">\n\t\t\t<div class=\"elementor-widget-wrap\">\n\t\t\t\t\t\t\t\t\t<\/div>\n\t\t<\/div>\n\t\t\t\t\t\t\t<\/div>\n\t\t<\/section>\n\t\t\t\t\t\t\t<\/div>\n\t\t","protected":false},"excerpt":{"rendered":"<p>ENCONTRE-NOS N\u00f3s somos LACBIZ Business Advisors Sobre n\u00f3s Na LACBIZ, nosso objetivo \u00e9 facilitar as atividades comerciais de empresas latino-americanas<\/p>\n","protected":false},"author":1,"featured_media":0,"parent":0,"menu_order":0,"comment_status":"closed","ping_status":"closed","template":"","meta":{"footnotes":""},"class_list":["post-9698","page","type-page","status-publish","hentry"],"_links":{"self":[{"href":"http:\/\/lacbiz.us\/pt-br\/wp-json\/wp\/v2\/pages\/9698","targetHints":{"allow":["GET"]}}],"collection":[{"href":"http:\/\/lacbiz.us\/pt-br\/wp-json\/wp\/v2\/pages"}],"about":[{"href":"http:\/\/lacbiz.us\/pt-br\/wp-json\/wp\/v2\/types\/page"}],"author":[{"embeddable":true,"href":"http:\/\/lacbiz.us\/pt-br\/wp-json\/wp\/v2\/users\/1"}],"replies":[{"embeddable":true,"href":"http:\/\/lacbiz.us\/pt-br\/wp-json\/wp\/v2\/comments?post=9698"}],"version-history":[{"count":2,"href":"http:\/\/lacbiz.us\/pt-br\/wp-json\/wp\/v2\/pages\/9698\/revisions"}],"predecessor-version":[{"id":9700,"href":"http:\/\/lacbiz.us\/pt-br\/wp-json\/wp\/v2\/pages\/9698\/revisions\/9700"}],"wp:attachment":[{"href":"http:\/\/lacbiz.us\/pt-br\/wp-json\/wp\/v2\/media?parent=9698"}],"curies":[{"name":"wp","href":"https:\/\/api.w.org\/{rel}","templated":true}]}}