{"id":9692,"date":"2023-02-13T18:22:50","date_gmt":"2023-02-13T18:22:50","guid":{"rendered":"https:\/\/lacbiz.us\/servicos\/"},"modified":"2023-03-27T02:31:49","modified_gmt":"2023-03-27T02:31:49","slug":"servicos","status":"publish","type":"page","link":"https:\/\/lacbiz.us\/pt-br\/servicos\/","title":{"rendered":"Servi\u00e7os"},"content":{"rendered":"\t\t<div data-elementor-type=\"wp-page\" data-elementor-id=\"9692\" class=\"elementor elementor-9692 elementor-8598\" data-elementor-post-type=\"page\">\n\t\t\t\t\t\t\t\t\t<section class=\"wd-negative-gap elementor-section elementor-top-section elementor-element elementor-element-31f9a4d9 wd-section-stretch elementor-section-boxed elementor-section-height-default elementor-section-height-default\" data-id=\"31f9a4d9\" data-element_type=\"section\">\n\t\t\t\t\t\t<div class=\"elementor-container elementor-column-gap-default\">\n\t\t\t\t\t<div class=\"elementor-column elementor-col-100 elementor-top-column elementor-element elementor-element-3f8aac41\" data-id=\"3f8aac41\" data-element_type=\"column\">\n\t\t\t<div class=\"elementor-widget-wrap elementor-element-populated\">\n\t\t\t\t\t\t\t\t<section class=\"wd-negative-gap elementor-section elementor-inner-section elementor-element elementor-element-21d0013 elementor-section-content-middle elementor-section-boxed elementor-section-height-default elementor-section-height-default wd-section-disabled\" data-id=\"21d0013\" data-element_type=\"section\">\n\t\t\t\t\t\t<div class=\"elementor-container elementor-column-gap-extended\">\n\t\t\t\t\t<div class=\"elementor-column elementor-col-100 elementor-inner-column elementor-element elementor-element-2d328778\" data-id=\"2d328778\" data-element_type=\"column\">\n\t\t\t<div class=\"elementor-widget-wrap elementor-element-populated\">\n\t\t\t\t\t\t\t\t<div class=\"elementor-element elementor-element-7688800 elementor-widget elementor-widget-wd_tabs\" data-id=\"7688800\" data-element_type=\"widget\" data-widget_type=\"wd_tabs.default\">\n\t\t\t\t<div class=\"elementor-widget-container\">\n\t\t\t\t\t<div class=\"wd-tabs tabs-design-default\">\n\t\t\t<div class=\"wd-tabs-header text-center\">\n\t\t\t\t\n\t\t\t\t\n\t\t\t\t<div class=\"wd-nav-wrapper wd-nav-tabs-wrapper color-scheme-dark\">\n\t\t\t\t\t<ul class=\"wd-nav wd-nav-tabs wd-icon-pos-left wd-style-underline\">\n\t\t\t\t\t\t\t\t\t\t\t\t\t\n\t\t\t\t\t\t\t<li>\n\t\t\t\t\t\t\t\t<a href=\"#\" class=\"wd-nav-link\">\n\t\t\t\t\t\t\t\t\t\t\t\t\t\t\t\t\t\t\t<div class=\"img-wrapper\">\n\t\t\t\t\t\t\t\t\t\t\t<i class=\"fas fa-flag-usa\"><\/i>\t\t\t\t\t\t\t\t\t\t<\/div>\n\t\t\t\t\t\t\t\t\t\n\t\t\t\t\t\t\t\t\t<span class=\"nav-link-text wd-tabs-title\">\n\t\t\t\t\t\t\t\t\t\tAm\u00e9rica Latina para os Estados Unidos.\t\t\t\t\t\t\t\t\t<\/span>\n\t\t\t\t\t\t\t\t<\/a>\n\t\t\t\t\t\t\t<\/li>\n\n\t\t\t\t\t\t\t\t\t\t\t\t\t\n\t\t\t\t\t\t\t<li>\n\t\t\t\t\t\t\t\t<a href=\"#\" class=\"wd-nav-link\">\n\t\t\t\t\t\t\t\t\t\t\t\t\t\t\t\t\t\t\t<div class=\"img-wrapper\">\n\t\t\t\t\t\t\t\t\t\t\t<i class=\"fas fa-map-marker-alt\"><\/i>\t\t\t\t\t\t\t\t\t\t<\/div>\n\t\t\t\t\t\t\t\t\t\n\t\t\t\t\t\t\t\t\t<span class=\"nav-link-text wd-tabs-title\">\n\t\t\t\t\t\t\t\t\t\tEstados Unidos para a Am\u00e9rica Latina\t\t\t\t\t\t\t\t\t<\/span>\n\t\t\t\t\t\t\t\t<\/a>\n\t\t\t\t\t\t\t<\/li>\n\n\t\t\t\t\t\t\t\t\t\t\t<\/ul>\n\t\t\t\t<\/div>\n\t\t\t<\/div>\n\n\t\t\t<div class=\"wd-tab-content-wrapper color-scheme-dark\">\n\t\t\t\t\t\t\t\t\t\t\t\t\t\t\n\t\t\t\t\t\n\t\t\t\t\t<div class=\"wd-tab-content wd-active wd-in\">\n\t\t\t\t\t\t\t\t\t\t\t\t\t<div >\n\t\t\t\t\t\t\t\t<h3 style=\"text-align: center;\"><span style=\"color: #bf1e2e;\"><strong>BackOffice:<\/strong><\/span><\/h3><p>O backoffice \u00e9 um servi\u00e7o que integra todas as atividades internas da organiza\u00e7\u00e3o relacionadas a aspectos administrativos e financeiros, mas que n\u00e3o t\u00eam rela\u00e7\u00e3o com vendas ou atendimento direto ao cliente. Na Lacbiz, oferecemos aos nossos clientes os servi\u00e7os de Cobran\u00e7as e Faturamento.<\/p><h3 style=\"text-align: center;\"><span style=\"color: #bf1e2e;\"><strong>Intelig\u00eancia empresarial:<\/strong> <\/span><\/h3><p>Na Lacbiz, oferecemos aos nossos clientes o servi\u00e7o de intelig\u00eancia empresarial, que consiste em encontrar mercados e poss\u00edveis parceiros no Canad\u00e1 e nos Estados Unidos. Da mesma forma, oferecemos o servi\u00e7o de representa\u00e7\u00e3o em c\u00e2maras e associa\u00e7\u00f5es nos Estados Unidos e Canad\u00e1.<\/p><h3 style=\"text-align: center;\"><span style=\"color: #bf1e2e;\"><strong>Acompanhamento comercial:<\/strong> <\/span><\/h3><p>Na Lacbiz, queremos que nossos clientes possam realizar seus neg\u00f3cios com sucesso, por isso oferecemos o servi\u00e7o de acompanhamento comercial, por meio do qual nossos agentes auxiliam os clientes em suas rela\u00e7\u00f5es com compradores, escrit\u00f3rios de advocacia, fornecedores, governo, c\u00e2maras e associa\u00e7\u00f5es.<\/p><h3 style=\"text-align: center;\"><span style=\"color: #bf1e2e;\"><strong>Consultas de informa\u00e7\u00e3o:<\/strong> <\/span><\/h3><p>Nossa empresa oferece o servi\u00e7o de consultas de informa\u00e7\u00e3o para nossos clientes. Este servi\u00e7o \u00e9 cobrado por hora e deve ser agendado e cancelado com anteced\u00eancia antes da chamada. Nossos profissionais atender\u00e3o as consultas de informa\u00e7\u00e3o de forma profissional e efetiva. <\/p>\t\t\t\t\t\t\t<\/div>\n\t\t\t\t\t\t\t\t\t\t\t<\/div>\n\n\t\t\t\t\t\t\t\t\t\t\t\t\t\t\n\t\t\t\t\t\n\t\t\t\t\t<div class=\"wd-tab-content\">\n\t\t\t\t\t\t\t\t\t\t\t\t\t<div >\n\t\t\t\t\t\t\t\t<h3 style=\"text-align: center;\"><span style=\"color: #bf1e2e;\"><strong>BackOffice:<\/strong><\/span><\/h3><p>O backoffice \u00e9 um servi\u00e7o que integra todas as atividades internas da organiza\u00e7\u00e3o relacionadas a aspectos administrativos e financeiros, mas que n\u00e3o t\u00eam rela\u00e7\u00e3o com vendas ou atendimento direto ao cliente. Na Lacbiz, oferecemos aos nossos clientes os servi\u00e7os de Cobran\u00e7as e Faturamento.<\/p><h3 style=\"text-align: center;\"><span style=\"color: #bf1e2e;\"><strong>Intelig\u00eancia Comercial:<\/strong><\/span><\/h3><p>Na Lacbiz, oferecemos aos nossos clientes o servi\u00e7o de intelig\u00eancia empresarial, que consiste em encontrar mercados e poss\u00edveis parceiros no Canad\u00e1 e nos Estados Unidos. Da mesma forma, oferecemos o servi\u00e7o de representa\u00e7\u00e3o em c\u00e2maras e associa\u00e7\u00f5es nos Estados Unidos e Canad\u00e1.<\/p><h3 style=\"text-align: center;\"><span style=\"color: #bf1e2e;\"><strong>Acompanhamento Comercial:<\/strong><\/span><\/h3><p>Na Lacbiz, queremos que nossos clientes possam realizar seus neg\u00f3cios com sucesso, por isso oferecemos o servi\u00e7o de acompanhamento comercial, por meio do qual nossos agentes auxiliam os clientes em suas rela\u00e7\u00f5es com compradores, escrit\u00f3rios de advocacia, fornecedores, governo, c\u00e2maras e associa\u00e7\u00f5es.<\/p><h3 style=\"text-align: center;\"><span style=\"color: #bf1e2e;\"><strong>Problemas de imigra\u00e7\u00e3o:<\/strong><\/span><\/h3><p>Lacbiz tem relacionamento com profissionais em todos os pa\u00edses da Am\u00e9rica Latina. In nossa empresa, oferecemos servi\u00e7os de tr\u00e2mites migrat\u00f3rios em toda a Am\u00e9rica Latina.<\/p><h3 style=\"text-align: center;\"><span style=\"color: #bf1e2e;\"><strong>Investimentos:<\/strong><\/span><\/h3><p>Lacbiz tem rela\u00e7\u00f5es com empresas e desenvolvedores em v\u00e1rios pa\u00edses da Am\u00e9rica Latina. Nossa empresa fornece consultoria e acompanhamento aos nossos clientes para que possam realizar seus investimentos de forma segura e de acordo com as legisla\u00e7\u00f5es dos diferentes pa\u00edses.<\/p>\t\t\t\t\t\t\t<\/div>\n\t\t\t\t\t\t\t\t\t\t\t<\/div>\n\n\t\t\t\t\t\t\t<\/div>\n\t\t<\/div>\n\t\t\t\t<\/div>\n\t\t\t\t<\/div>\n\t\t\t\t\t<\/div>\n\t\t<\/div>\n\t\t\t\t\t\t\t<\/div>\n\t\t<\/section>\n\t\t\t\t\t<\/div>\n\t\t<\/div>\n\t\t\t\t\t\t\t<\/div>\n\t\t<\/section>\n\t\t\t\t\t\t\t<\/div>\n\t\t","protected":false},"excerpt":{"rendered":"<p>Am\u00e9rica Latina para os Estados Unidos. Estados Unidos para a Am\u00e9rica Latina BackOffice: O backoffice \u00e9 um servi\u00e7o que integra<\/p>\n","protected":false},"author":1,"featured_media":0,"parent":0,"menu_order":0,"comment_status":"closed","ping_status":"closed","template":"","meta":{"footnotes":""},"class_list":["post-9692","page","type-page","status-publish","hentry"],"_links":{"self":[{"href":"https:\/\/lacbiz.us\/pt-br\/wp-json\/wp\/v2\/pages\/9692","targetHints":{"allow":["GET"]}}],"collection":[{"href":"https:\/\/lacbiz.us\/pt-br\/wp-json\/wp\/v2\/pages"}],"about":[{"href":"https:\/\/lacbiz.us\/pt-br\/wp-json\/wp\/v2\/types\/page"}],"author":[{"embeddable":true,"href":"https:\/\/lacbiz.us\/pt-br\/wp-json\/wp\/v2\/users\/1"}],"replies":[{"embeddable":true,"href":"https:\/\/lacbiz.us\/pt-br\/wp-json\/wp\/v2\/comments?post=9692"}],"version-history":[{"count":2,"href":"https:\/\/lacbiz.us\/pt-br\/wp-json\/wp\/v2\/pages\/9692\/revisions"}],"predecessor-version":[{"id":9694,"href":"https:\/\/lacbiz.us\/pt-br\/wp-json\/wp\/v2\/pages\/9692\/revisions\/9694"}],"wp:attachment":[{"href":"https:\/\/lacbiz.us\/pt-br\/wp-json\/wp\/v2\/media?parent=9692"}],"curies":[{"name":"wp","href":"https:\/\/api.w.org\/{rel}","templated":true}]}}